{"id":24676,"date":"2018-05-23T08:31:18","date_gmt":"2018-05-23T01:31:18","guid":{"rendered":"https:\/\/www.dudeoi.com\/?page_id=24676"},"modified":"2023-07-29T16:47:21","modified_gmt":"2023-07-29T09:47:21","slug":"politique-de-confidentialite","status":"publish","type":"page","link":"https:\/\/www.dudeoi.com\/fr\/politique-de-confidentialite\/","title":{"rendered":"Politique de confidentialit\u00e9"},"content":{"rendered":"<p><strong>Nom\/Titre<\/strong>: Dudeoi<br \/>\n<strong>Email<\/strong>: contact@dudeoi.com<\/p>\n<h2>INFORMATIONS COLLECT\u00c9ES PAR VOTRE ORGANISATION :<\/h2>\n<p>Le tableau ci-dessous pr\u00e9sente les informations que vous avez s\u00e9lectionn\u00e9es en remplissant l&rsquo;outil de confidentialit\u00e9.<\/p>\n<table class=\"orgCollect\">\n<tbody>\n<tr>\n<th class=\"orgCollect\">Type d&rsquo;information<\/th>\n<th class=\"orgCollect\">Informations collect\u00e9es<\/th>\n<th class=\"orgCollect\">Collecteurs<\/th>\n<th class=\"orgCollect\">Raisons<\/th>\n<th class=\"orgCollect\">Utilisateurs<\/th>\n<th class=\"orgCollect\">Sauvegarder sous<\/th>\n<th class=\"orgCollect\">Partager avec<\/th>\n<\/tr>\n<tr>\n<td class=\"orgCollect\" valign=\"top\"><strong>Information de contact<\/strong><\/td>\n<td class=\"orgCollect\" valign=\"top\">\n<ul class=\"orgCollect\">\n<li>Nom<\/li>\n<\/ul>\n<\/td>\n<td class=\"orgCollect\" valign=\"top\">\n<ul class=\"orgCollect\">\n<li>Site Internet et support IT<\/li>\n<\/ul>\n<\/td>\n<td class=\"orgCollect\" valign=\"top\">\n<ul class=\"orgCollect\">\n<li>Formulaire d&rsquo;application<\/li>\n<\/ul>\n<\/td>\n<td class=\"orgCollect\" valign=\"top\">\n<ul class=\"orgCollect\">\n<li>Site Internet et support IT<\/li>\n<li><\/li>\n<\/ul>\n<\/td>\n<td class=\"orgCollect\" valign=\"top\">\n<ul class=\"orgCollect\">\n<li>Fichier \u00e9lectronique<\/li>\n<\/ul>\n<\/td>\n<td class=\"orgCollect\" valign=\"top\"><\/td>\n<\/tr>\n<\/tbody>\n<\/table>\n<h2>PRATIQUES EN MATI\u00c8RE DE CONSENTEMENT<\/h2>\n<p>Le consentement est un accord volontaire avec ce qui est fait ou propos\u00e9. Le consentement peut \u00eatre explicite ou implicite. Le consentement explicite est donn\u00e9 de mani\u00e8re explicite, soit verbalement soit par \u00e9crit. Le consentement explicite est sans \u00e9quivoque et ne n\u00e9cessite aucune inf\u00e9rence de la part de l&rsquo;organisation recherchant le consentement. Le consentement implicite d\u00e9coule de l&rsquo;action ou de l&rsquo;inaction de la personne, lorsque le consentement peut raisonnablement \u00eatre d\u00e9duit.<\/p>\n<h2>CONSENTEMENT EXPLICITE<\/h2>\n<p>Vous avez indiqu\u00e9 que votre organisation ne collecte aucune information sensible ou potentiellement sensible. \u00c0 l&rsquo;avenir, si votre organisation d\u00e9cide de collecter des informations sensibles ou potentiellement sensibles, assurez-vous toujours d&rsquo;obtenir un consentement explicite de la part de votre client. En d&rsquo;autres termes, vous devez demander directement au client s&rsquo;il consent \u00e0 ce que vous collectiez les informations et\/ou les divulguiez \u00e0 une autre organisation. Par exemple, si vous collectez des informations financi\u00e8res pour une v\u00e9rification de cr\u00e9dit, faites signer au client un formulaire de demande indiquant que vous allez divulguer les informations \u00e0 une agence de cr\u00e9dit et que le client y consent. Le consentement explicite doit \u00eatre utilis\u00e9 chaque fois que possible et dans tous les cas o\u00f9 les informations personnelles sont consid\u00e9r\u00e9es comme sensibles.<\/p>\n<h2>CONSENTEMENT IMPLICITE<\/h2>\n<p>Vous avez indiqu\u00e9 que votre organisation ne collecte aucune information pour finaliser une vente ou une autre transaction, v\u00e9rifier le cr\u00e9dit d&rsquo;un client, passer une commande sp\u00e9ciale pour un client, organiser une livraison ou traiter un retour. Si \u00e0 l&rsquo;avenir votre organisation d\u00e9cide de collecter ces informations, souvenez-vous que tant que les informations collect\u00e9es sont n\u00e9cessaires pour effectuer l&rsquo;une des actions mentionn\u00e9es ci-dessus, vous pouvez supposer que le client a consenti lorsque celui-ci vous fournit les informations. (Cela s&rsquo;appelle le \u00ab\u00a0consentement implicite\u00a0\u00bb).<\/p>\n<p>Remember:<\/p>\n<p>Vous ne pouvez pas refuser de finaliser une transaction si le client refuse de consentir \u00e0 la collecte d&rsquo;informations qui ne sont pas n\u00e9cessaires pour conclure la transaction. Si vous d\u00e9cidez ult\u00e9rieurement d&rsquo;utiliser ces informations \u00e0 d&rsquo;autres fins, vous devez revenir aupr\u00e8s du client et obtenir son consentement.<\/p>\n<p>Vous collectez les informations suivantes \u00e0 des fins secondaires, telles que le marketing, l&rsquo;administration d&rsquo;un programme de fid\u00e9lit\u00e9 client ou la gestion de la relation client :<\/p>\n<p>Dans ces circonstances, vous devez donner au client la possibilit\u00e9 de vous informer s&rsquo;il ne souhaite pas que vous utilisiez ses informations \u00e0 cette fin. Cela s&rsquo;appelle un \u00ab\u00a0opt-out\u00a0\u00bb.<\/p>\n<p>Les opt-out doivent \u00eatre clairs, faciles \u00e0 comprendre et faciles \u00e0 r\u00e9aliser pour le client. Vous pouvez inclure une case d&rsquo;opt-out sur un formulaire papier ou en ligne, par exemple, indiquant aux clients que s&rsquo;ils ne souhaitent pas recevoir de mat\u00e9riel promotionnel par courrier, ils n&rsquo;ont qu&rsquo;\u00e0 cocher ici. Vous pouvez informer le client de ce qu&rsquo;il manquera &#8211; des offres sp\u00e9ciales et des informations sur les nouveaux produits, par exemple &#8211; mais ne minimisez pas, ne cachez pas ou n&rsquo;obscurcissez pas l&rsquo;opt-out. Et ne compliquez pas les choses, comme exiger du client qu&rsquo;il appelle un num\u00e9ro de t\u00e9l\u00e9phone sp\u00e9cial entre certaines heures. L&rsquo;objectif est de laisser le client d\u00e9cider.<\/p>\n<h1>PLAN DE S\u00c9CURIT\u00c9<\/h1>\n<h2>ACC\u00c8S DES EMPLOY\u00c9S AUX INFORMATIONS DES CLIENTS<\/h2>\n<p>Vous avez indiqu\u00e9 qu&rsquo;il n&rsquo;y a aucun employ\u00e9 dans votre organisation qui voit ou traite des informations inutilement. C&rsquo;est une bonne pratique. En limitant le nombre de personnes qui consultent ou traitent des informations, vous r\u00e9duisez le risque d&rsquo;utilisation ou de divulgation inappropri\u00e9e.<\/p>\n<h2>STOCKAGE DES INFORMATIONS PERSONNELLES : DOSSIERS PAPIER<\/h2>\n<p>Vous avez indiqu\u00e9 que votre organisation ne conserve aucune information dans des dossiers papier. \u00c0 l&rsquo;avenir, si vous pr\u00e9voyez de stocker des informations personnelles dans des dossiers papier, il est extr\u00eamement important de prendre toutes les mesures possibles pour stocker en toute s\u00e9curit\u00e9 les informations personnelles de vos clients. Vous devriez prot\u00e9ger ces dossiers en les d\u00e9pla\u00e7ant dans :<\/p>\n<p>Un cabinet verrouill\u00e9<\/p>\n<p>Une zone restreinte<\/p>\n<p>Une zone \u00e9quip\u00e9e d&rsquo;un syst\u00e8me d&rsquo;alarme<br \/>\nSTOCKAGE DES INFORMATIONS PERSONNELLES : DOSSIERS \u00c9LECTRONIQUES<br \/>\nVoici les types d&rsquo;informations que vous pouvez stocker dans des dossiers \u00e9lectroniques :<\/p>\n<p>Voici les types d&rsquo;informations que vous pouvez stocker dans des dossiers \u00e9lectroniques :<\/p>\n<p>Nom<\/p>\n<p>Il est extr\u00eamement important de prendre toutes les mesures possibles pour stocker en toute s\u00e9curit\u00e9 les informations personnelles de vos clients. Essayez les m\u00e9thodes suivantes pour prot\u00e9ger ces fichiers en utilisant :<\/p>\n<p>Des mots de passe pour les ordinateurs Des pare-feux Des fichiers de donn\u00e9es chiffr\u00e9es Des informations personnelles chiffr\u00e9es envoy\u00e9es ou re\u00e7ues via Internet (par e-mail ou \u00e0 travers des formulaires web, par exemple) Des pistes d&rsquo;audit \u00e9lectroniques identifiant les personnes ayant acc\u00e8s aux informations Conserver des fichiers de sauvegarde dans un cabinet verrouill\u00e9 Soyez particuli\u00e8rement prudent avec les ordinateurs portables, les cl\u00e9s USB et les dispositifs \u00e9lectroniques sans fil. Ces types de dispositifs peuvent potentiellement stocker une grande quantit\u00e9 d&rsquo;informations personnelles de vos clients. Tous ces dispositifs devraient \u00eatre prot\u00e9g\u00e9s par un mot de passe et avoir la meilleure forme de protection possible.<\/p>\n<h2>COLLECTE D&rsquo;INFORMATIONS SENSIBLES<\/h2>\n<p>Vous avez indiqu\u00e9 que votre organisation ne collecte aucune information sensible ou potentiellement sensible. \u00c0 l&rsquo;avenir, si votre organisation d\u00e9cide de collecter des informations sensibles ou potentiellement sensibles, envisagez d&rsquo;utiliser plusieurs m\u00e9thodes pour garantir qu&rsquo;elles restent confidentielles.<\/p>\n<p>Enfin, passez en revue vos anciens dossiers et d\u00e9truisez toutes les informations personnelles dont vous n&rsquo;avez plus besoin pour remplir le but pour lequel vous les avez collect\u00e9es.<\/p>\n<p>You indicated that your organization does not collect any information that is sensitive or potentially sensitive. In the future if your organization decides to collect sensitive or potentially sensitive information consider using more than one method to ensure that it is kept confidential.<\/p>\n<p>Finally, go through your old files and destroy any personal information that you no longer need in order to fulfill the purpose that you collected it for.<\/p>\n<h2>LISTE DES TIERS<\/h2>\n<p>Vous partagez des informations personnelles avec les fournisseurs ou agents tiers suivants :<\/p>\n<p>Aucun autre partenaire Vous devrez examiner les pratiques de confidentialit\u00e9 de ces entreprises pour vous assurer qu&rsquo;elles respectent les m\u00eames normes que vous appliquez \u00e0 votre entreprise. Vous devriez \u00e9galement discuter avec votre avocat de l&rsquo;ajout de clauses sp\u00e9ciales \u00e0 tout contrat impliquant le partage d&rsquo;informations avec un tiers afin de :<\/p>\n<p>exiger du tiers qu&rsquo;il prot\u00e8ge les informations de vos clients vous donner le pouvoir d&rsquo;auditer le tiers pour vous assurer qu&rsquo;il respecte les pratiques \u00e9quitables en mati\u00e8re d&rsquo;informations vous assurer que le tiers n&rsquo;utilise les informations que dans les buts \u00e9nonc\u00e9s dans le contrat exiger du tiers qu&rsquo;il vous transmette toute demande des clients de consulter leurs dossiers clients.<\/p>\n","protected":false},"excerpt":{"rendered":"<p>Nom\/Titre: Dudeoi Email: contact@dudeoi.com INFORMATIONS COLLECT\u00c9ES PAR VOTRE ORGANISATION : Le tableau ci-dessous pr\u00e9sente les informations que vous avez s\u00e9lectionn\u00e9es en remplissant l&rsquo;outil de confidentialit\u00e9. Type d&rsquo;information Informations collect\u00e9es Collecteurs Raisons Utilisateurs Sauvegarder sous Partager avec Information de contact Nom Site Internet et support IT Formulaire d&rsquo;application Site Internet et support IT Fichier \u00e9lectronique PRATIQUES [&hellip;] <a class=\"g1-link g1-link-more\" href=\"https:\/\/www.dudeoi.com\/fr\/politique-de-confidentialite\/\">More<\/a><\/p>\n","protected":false},"author":1,"featured_media":0,"parent":0,"menu_order":0,"comment_status":"closed","ping_status":"closed","template":"","meta":{"footnotes":""},"class_list":["post-24676","page","type-page","status-publish"],"yoast_head":"<!-- This site is optimized with the Yoast SEO plugin v24.0 - https:\/\/yoast.com\/wordpress\/plugins\/seo\/ -->\n<title>Politique de confidentialit\u00e9 - DUDE OI<\/title>\n<meta name=\"robots\" content=\"index, follow, max-snippet:-1, max-image-preview:large, max-video-preview:-1\" \/>\n<link rel=\"canonical\" href=\"https:\/\/www.dudeoi.com\/fr\/politique-de-confidentialite\/\" \/>\n<meta property=\"og:locale\" content=\"fr_FR\" \/>\n<meta property=\"og:type\" content=\"article\" \/>\n<meta property=\"og:title\" content=\"Politique de confidentialit\u00e9 - DUDE OI\" \/>\n<meta property=\"og:description\" content=\"Nom\/Titre: Dudeoi Email: contact@dudeoi.com INFORMATIONS COLLECT\u00c9ES PAR VOTRE ORGANISATION : Le tableau ci-dessous pr\u00e9sente les informations que vous avez s\u00e9lectionn\u00e9es en remplissant l&rsquo;outil de confidentialit\u00e9. Type d&rsquo;information Informations collect\u00e9es Collecteurs Raisons Utilisateurs Sauvegarder sous Partager avec Information de contact Nom Site Internet et support IT Formulaire d&rsquo;application Site Internet et support IT Fichier \u00e9lectronique PRATIQUES [&hellip;] More\" \/>\n<meta property=\"og:url\" content=\"https:\/\/www.dudeoi.com\/fr\/politique-de-confidentialite\/\" \/>\n<meta property=\"og:site_name\" content=\"DUDE OI\" \/>\n<meta property=\"article:modified_time\" content=\"2023-07-29T09:47:21+00:00\" \/>\n<meta name=\"twitter:card\" content=\"summary_large_image\" \/>\n<meta name=\"twitter:label1\" content=\"Dur\u00e9e de lecture estim\u00e9e\" \/>\n\t<meta name=\"twitter:data1\" content=\"6 minutes\" \/>\n<script type=\"application\/ld+json\" class=\"yoast-schema-graph\">{\"@context\":\"https:\/\/schema.org\",\"@graph\":[{\"@type\":\"WebPage\",\"@id\":\"https:\/\/www.dudeoi.com\/fr\/politique-de-confidentialite\/\",\"url\":\"https:\/\/www.dudeoi.com\/fr\/politique-de-confidentialite\/\",\"name\":\"Politique de confidentialit\u00e9 - DUDE OI\",\"isPartOf\":{\"@id\":\"https:\/\/www.dudeoi.com\/#website\"},\"datePublished\":\"2018-05-23T01:31:18+00:00\",\"dateModified\":\"2023-07-29T09:47:21+00:00\",\"breadcrumb\":{\"@id\":\"https:\/\/www.dudeoi.com\/fr\/politique-de-confidentialite\/#breadcrumb\"},\"inLanguage\":\"fr-FR\",\"potentialAction\":[{\"@type\":\"ReadAction\",\"target\":[\"https:\/\/www.dudeoi.com\/fr\/politique-de-confidentialite\/\"]}]},{\"@type\":\"BreadcrumbList\",\"@id\":\"https:\/\/www.dudeoi.com\/fr\/politique-de-confidentialite\/#breadcrumb\",\"itemListElement\":[{\"@type\":\"ListItem\",\"position\":1,\"name\":\"Home\",\"item\":\"https:\/\/www.dudeoi.com\/\"},{\"@type\":\"ListItem\",\"position\":2,\"name\":\"Politique de confidentialit\u00e9\"}]},{\"@type\":\"WebSite\",\"@id\":\"https:\/\/www.dudeoi.com\/#website\",\"url\":\"https:\/\/www.dudeoi.com\/\",\"name\":\"DUDE OI\",\"description\":\"I&#039;m The Dude Playing A Dude Disguised As Another Dude\",\"publisher\":{\"@id\":\"https:\/\/www.dudeoi.com\/#\/schema\/person\/fc866cce3e89f91f8690266ff51d4f82\"},\"potentialAction\":[{\"@type\":\"SearchAction\",\"target\":{\"@type\":\"EntryPoint\",\"urlTemplate\":\"https:\/\/www.dudeoi.com\/?s={search_term_string}\"},\"query-input\":{\"@type\":\"PropertyValueSpecification\",\"valueRequired\":true,\"valueName\":\"search_term_string\"}}],\"inLanguage\":\"fr-FR\"},{\"@type\":[\"Person\",\"Organization\"],\"@id\":\"https:\/\/www.dudeoi.com\/#\/schema\/person\/fc866cce3e89f91f8690266ff51d4f82\",\"name\":\"dudeoi\",\"image\":{\"@type\":\"ImageObject\",\"inLanguage\":\"fr-FR\",\"@id\":\"https:\/\/www.dudeoi.com\/#\/schema\/person\/image\/\",\"url\":\"https:\/\/www.dudeoi.com\/wp-content\/uploads\/2022\/08\/kha3.jpg\",\"contentUrl\":\"https:\/\/www.dudeoi.com\/wp-content\/uploads\/2022\/08\/kha3.jpg\",\"width\":600,\"height\":600,\"caption\":\"dudeoi\"},\"logo\":{\"@id\":\"https:\/\/www.dudeoi.com\/#\/schema\/person\/image\/\"},\"sameAs\":[\"http:\/\/www.dudeoi.com\"]}]}<\/script>\n<!-- \/ Yoast SEO plugin. -->","yoast_head_json":{"title":"Politique de confidentialit\u00e9 - DUDE OI","robots":{"index":"index","follow":"follow","max-snippet":"max-snippet:-1","max-image-preview":"max-image-preview:large","max-video-preview":"max-video-preview:-1"},"canonical":"https:\/\/www.dudeoi.com\/fr\/politique-de-confidentialite\/","og_locale":"fr_FR","og_type":"article","og_title":"Politique de confidentialit\u00e9 - DUDE OI","og_description":"Nom\/Titre: Dudeoi Email: contact@dudeoi.com INFORMATIONS COLLECT\u00c9ES PAR VOTRE ORGANISATION : Le tableau ci-dessous pr\u00e9sente les informations que vous avez s\u00e9lectionn\u00e9es en remplissant l&rsquo;outil de confidentialit\u00e9. Type d&rsquo;information Informations collect\u00e9es Collecteurs Raisons Utilisateurs Sauvegarder sous Partager avec Information de contact Nom Site Internet et support IT Formulaire d&rsquo;application Site Internet et support IT Fichier \u00e9lectronique PRATIQUES [&hellip;] More","og_url":"https:\/\/www.dudeoi.com\/fr\/politique-de-confidentialite\/","og_site_name":"DUDE OI","article_modified_time":"2023-07-29T09:47:21+00:00","twitter_card":"summary_large_image","twitter_misc":{"Dur\u00e9e de lecture estim\u00e9e":"6 minutes"},"schema":{"@context":"https:\/\/schema.org","@graph":[{"@type":"WebPage","@id":"https:\/\/www.dudeoi.com\/fr\/politique-de-confidentialite\/","url":"https:\/\/www.dudeoi.com\/fr\/politique-de-confidentialite\/","name":"Politique de confidentialit\u00e9 - DUDE OI","isPartOf":{"@id":"https:\/\/www.dudeoi.com\/#website"},"datePublished":"2018-05-23T01:31:18+00:00","dateModified":"2023-07-29T09:47:21+00:00","breadcrumb":{"@id":"https:\/\/www.dudeoi.com\/fr\/politique-de-confidentialite\/#breadcrumb"},"inLanguage":"fr-FR","potentialAction":[{"@type":"ReadAction","target":["https:\/\/www.dudeoi.com\/fr\/politique-de-confidentialite\/"]}]},{"@type":"BreadcrumbList","@id":"https:\/\/www.dudeoi.com\/fr\/politique-de-confidentialite\/#breadcrumb","itemListElement":[{"@type":"ListItem","position":1,"name":"Home","item":"https:\/\/www.dudeoi.com\/"},{"@type":"ListItem","position":2,"name":"Politique de confidentialit\u00e9"}]},{"@type":"WebSite","@id":"https:\/\/www.dudeoi.com\/#website","url":"https:\/\/www.dudeoi.com\/","name":"DUDE OI","description":"I&#039;m The Dude Playing A Dude Disguised As Another Dude","publisher":{"@id":"https:\/\/www.dudeoi.com\/#\/schema\/person\/fc866cce3e89f91f8690266ff51d4f82"},"potentialAction":[{"@type":"SearchAction","target":{"@type":"EntryPoint","urlTemplate":"https:\/\/www.dudeoi.com\/?s={search_term_string}"},"query-input":{"@type":"PropertyValueSpecification","valueRequired":true,"valueName":"search_term_string"}}],"inLanguage":"fr-FR"},{"@type":["Person","Organization"],"@id":"https:\/\/www.dudeoi.com\/#\/schema\/person\/fc866cce3e89f91f8690266ff51d4f82","name":"dudeoi","image":{"@type":"ImageObject","inLanguage":"fr-FR","@id":"https:\/\/www.dudeoi.com\/#\/schema\/person\/image\/","url":"https:\/\/www.dudeoi.com\/wp-content\/uploads\/2022\/08\/kha3.jpg","contentUrl":"https:\/\/www.dudeoi.com\/wp-content\/uploads\/2022\/08\/kha3.jpg","width":600,"height":600,"caption":"dudeoi"},"logo":{"@id":"https:\/\/www.dudeoi.com\/#\/schema\/person\/image\/"},"sameAs":["http:\/\/www.dudeoi.com"]}]}},"wps_subtitle":"","_links":{"self":[{"href":"https:\/\/www.dudeoi.com\/fr\/wp-json\/wp\/v2\/pages\/24676","targetHints":{"allow":["GET"]}}],"collection":[{"href":"https:\/\/www.dudeoi.com\/fr\/wp-json\/wp\/v2\/pages"}],"about":[{"href":"https:\/\/www.dudeoi.com\/fr\/wp-json\/wp\/v2\/types\/page"}],"author":[{"embeddable":true,"href":"https:\/\/www.dudeoi.com\/fr\/wp-json\/wp\/v2\/users\/1"}],"replies":[{"embeddable":true,"href":"https:\/\/www.dudeoi.com\/fr\/wp-json\/wp\/v2\/comments?post=24676"}],"version-history":[{"count":2,"href":"https:\/\/www.dudeoi.com\/fr\/wp-json\/wp\/v2\/pages\/24676\/revisions"}],"predecessor-version":[{"id":24680,"href":"https:\/\/www.dudeoi.com\/fr\/wp-json\/wp\/v2\/pages\/24676\/revisions\/24680"}],"wp:attachment":[{"href":"https:\/\/www.dudeoi.com\/fr\/wp-json\/wp\/v2\/media?parent=24676"}],"curies":[{"name":"wp","href":"https:\/\/api.w.org\/{rel}","templated":true}]}}